{"id":11763,"date":"2023-06-24T22:17:09","date_gmt":"2023-06-24T20:17:09","guid":{"rendered":"https:\/\/bitcoinplay.org\/crypto-dice-gambling\/"},"modified":"2025-12-26T16:50:26","modified_gmt":"2025-12-26T15:50:26","slug":"crypto-dice-gambling","status":"publish","type":"page","link":"https:\/\/bitcoinplay.org\/fr\/jeu\/jeux-de-de-crypto\/","title":{"rendered":"Immergez-Vous Dans L\u2019Univers Passionnant Des Jeux de D\u00e9 Crypto"},"content":{"rendered":"<p><img decoding=\"async\" class=\"alignleft wp-image-11771 size-medium\" src=\"https:\/\/bitcoinplay.org\/wp-content\/uploads\/2023\/08\/crypto-dice-games-300x297.jpg\" alt=\"Entrez dans le monde passionnant des jeux de d\u00e9s bas\u00e9s sur la blockchain, o\u00f9 la chance et la strat\u00e9gie se combinent avec une technologie innovante de monnaie num\u00e9rique\" width=\"300\" height=\"297\" srcset=\"https:\/\/bitcoinplay.org\/wp-content\/uploads\/2023\/08\/crypto-dice-games-300x297.jpg 300w, https:\/\/bitcoinplay.org\/wp-content\/uploads\/2023\/08\/crypto-dice-games-150x150.jpg 150w, https:\/\/bitcoinplay.org\/wp-content\/uploads\/2023\/08\/crypto-dice-games.jpg 753w\" sizes=\"(max-width: 300px) 100vw, 300px\" \/><\/p>\n<p>Avec l&rsquo;introduction de la crypto-monnaie, la tradition du jeu de d\u00e9s a pris un tournant innovant. Pour vous offrir une exp\u00e9rience de jeu passionnante et captivante, BitcoinPlay.org a parfaitement combin\u00e9 ces deux mondes.<\/p>\n<p>Notre plate-forme est \u00e0 l&rsquo;avant-garde du domaine en plein essor du jeu crypto, offrant un environnement dynamique et s\u00e9curis\u00e9 aux amateurs de d\u00e9s. Nous offrons une exp\u00e9rience de pari rapide, anonyme et \u00e0 faible co\u00fbt en acceptant des crypto-monnaies comme Bitcoin et Ethereum. Notre plateforme num\u00e9rique vous permet de jouer \u00e0 vos jeux de d\u00e9s pr\u00e9f\u00e9r\u00e9s \u00e0 tout moment et n&rsquo;importe o\u00f9.<\/p>\n<p>BitcoinPlay.org est un champion du jeu \u00e9quitable. Nos jeux de d\u00e9s \u00e9quitables, aliment\u00e9s par une technologie blockchain robuste, garantissent une transparence et une honn\u00eatet\u00e9 totales. Avec ce syst\u00e8me avanc\u00e9, vous pouvez v\u00e9rifier ind\u00e9pendamment l&rsquo;\u00e9quit\u00e9 de chaque lancer de d\u00e9s, offrant une tranquillit\u00e9 d&rsquo;esprit in\u00e9gal\u00e9e et la confiance dans l&rsquo;int\u00e9grit\u00e9 de nos jeux.<\/p>\n<p>Cependant, nous encourageons nos clients \u00e0 jouer de mani\u00e8re responsable car nous reconnaissons la volatilit\u00e9 inh\u00e9rente des crypto-monnaies. Vous entrez dans un monde passionnant de jeux de d\u00e9s combin\u00e9 \u00e0 la facilit\u00e9 moderne des crypto-monnaies en nous rejoignant sur BitcoinPlay.org. N\u00e9anmoins, n&rsquo;oubliez jamais de jouer responsablement.<\/p>\n<p>Nous avons propuls\u00e9 les jeux de d\u00e9s \u00e0 l&rsquo;\u00e8re num\u00e9rique avec BitcoinPlay.org, une plateforme r\u00e9volutionnaire pour les jeux de d\u00e9s avec crypto. Avec nous, embrassez l&rsquo;avenir du jeu, o\u00f9 la tradition rencontre l&rsquo;innovation et o\u00f9 chaque rouleau pourrait \u00eatre votre chance.<\/p>\n<h3><strong>Meilleurs <span style=\"color: #ff2453;\">Jeux de D\u00e9s Crypto<\/span> 2026<br \/>\n<\/strong><\/h3>\n\r\n\t<div class=\"space-shortcode-wrap space-shortcode-2 relative\">\r\n\t\t<div class=\"space-shortcode-wrap-ins relative\">\r\n\r\n\t\t\t\r\n\t\t\t<div class=\"space-companies-2-archive-items box-100 relative\">\r\n\r\n\t\t\t\t\r\n\t\t\t\t<div class=\"space-companies-2-archive-item box-100 relative\">\r\n\t\t\t\t\t<div class=\"space-companies-2-archive-item-ins relative\">\r\n\t\t\t\t\t\t<div class=\"space-companies-2-archive-item-img left relative\">\r\n\t\t\t\t\t\t\t\t\t\t\t\t\t\t\t<a href=\"https:\/\/bitcoinplay.org\/recommends\/katsubet\/\" title=\"Katsubet Casino Review 2024\" target=\"_blank\" rel=\"nofollow sponsored\">\r\n\t\t\t\t\t\t\t\t\t<img decoding=\"async\" width=\"100\" height=\"100\" src=\"https:\/\/bitcoinplay.org\/wp-content\/uploads\/2021\/06\/katsubet-logo-100x100.jpg\" class=\"attachment-mercury-100-100 size-mercury-100-100\" alt=\"Katsubet Casino Review 2024\" srcset=\"https:\/\/bitcoinplay.org\/wp-content\/uploads\/2021\/06\/katsubet-logo-100x100.jpg 100w, https:\/\/bitcoinplay.org\/wp-content\/uploads\/2021\/06\/katsubet-logo-150x150.jpg 150w, https:\/\/bitcoinplay.org\/wp-content\/uploads\/2021\/06\/katsubet-logo-40x40.jpg 40w, https:\/\/bitcoinplay.org\/wp-content\/uploads\/2021\/06\/katsubet-logo-50x50.jpg 50w, https:\/\/bitcoinplay.org\/wp-content\/uploads\/2021\/06\/katsubet-logo-120x120.jpg 120w, https:\/\/bitcoinplay.org\/wp-content\/uploads\/2021\/06\/katsubet-logo-135x135.jpg 135w, https:\/\/bitcoinplay.org\/wp-content\/uploads\/2021\/06\/katsubet-logo-270x270.jpg 270w, https:\/\/bitcoinplay.org\/wp-content\/uploads\/2021\/06\/katsubet-logo-32x32.jpg 32w, https:\/\/bitcoinplay.org\/wp-content\/uploads\/2021\/06\/katsubet-logo-80x80.jpg 80w, https:\/\/bitcoinplay.org\/wp-content\/uploads\/2021\/06\/katsubet-logo-e1648905361341.jpg 200w\" sizes=\"(max-width: 100px) 100vw, 100px\" \/>\t\t\t\t\t\t\t\t<\/a>\r\n\t\t\t\t\t\t\t\t\t\t\t\t\t<\/div>\r\n\t\t\t\t\t\t<div class=\"space-companies-2-archive-item-title-box left relative\">\r\n\t\t\t\t\t\t\t<div class=\"space-companies-2-archive-item-title-box-ins relative\">\r\n\t\t\t\t\t\t\t\t<div class=\"space-companies-2-archive-item-title relative\">\r\n\t\t\t\t\t\t\t\t\t<a href=\"https:\/\/bitcoinplay.org\/recommends\/katsubet\/\" title=\"Katsubet Casino Review 2024\" target=\"_blank\" rel=\"nofollow sponsored\">Katsubet Casino Review 2024<\/a>\r\n\t\t\t\t\t\t\t\t<\/div>\r\n\r\n\t\t\t\t\t\t\t\t\t\t\t\t\t\t\t\t\t<div class=\"space-companies-2-archive-item-rating relative\">\r\n\t\t\t\t\t\t\t\t\t\t<div class=\"star-rating\"><div class=\"star star-full\" aria-hidden=\"true\"><\/div><div class=\"star star-full\" aria-hidden=\"true\"><\/div><div class=\"star star-full\" aria-hidden=\"true\"><\/div><div class=\"star star-full\" aria-hidden=\"true\"><\/div><div class=\"star star-full\" aria-hidden=\"true\"><\/div><div class=\"star star-full\" aria-hidden=\"true\"><\/div><div class=\"star star-full\" aria-hidden=\"true\"><\/div><div class=\"star star-full\" aria-hidden=\"true\"><\/div><div class=\"star star-full\" aria-hidden=\"true\"><\/div><div class=\"star star-half\" aria-hidden=\"true\"><\/div><\/div>\t\t\t\t\t\t\t\t\t<\/div>\r\n\t\t\t\t\t\t\t\t\r\n\t\t\t\t\t\t\t\t\t\t\t\t\t\t\t<\/div>\r\n\t\t\t\t\t\t<\/div>\r\n\t\t\t\t\t<\/div>\r\n\t\t\t\t<\/div>\r\n\r\n\t\t\t\t\r\n\t\t\t\t<div class=\"space-companies-2-archive-item box-100 relative\">\r\n\t\t\t\t\t<div class=\"space-companies-2-archive-item-ins relative\">\r\n\t\t\t\t\t\t<div class=\"space-companies-2-archive-item-img left relative\">\r\n\t\t\t\t\t\t\t\t\t\t\t\t\t\t\t<a href=\"https:\/\/bitcoinplay.org\/recommends\/cryptocasino\/\" title=\"Avis CryptoCasino 2026\" target=\"_blank\" rel=\"nofollow sponsored\">\r\n\t\t\t\t\t\t\t\t\t<img decoding=\"async\" width=\"200\" height=\"200\" src=\"https:\/\/bitcoinplay.org\/wp-content\/uploads\/2025\/02\/cryptocasino.jpg\" class=\"attachment-mercury-100-100 size-mercury-100-100\" alt=\"Avis CryptoCasino 2026\" srcset=\"https:\/\/bitcoinplay.org\/wp-content\/uploads\/2025\/02\/cryptocasino.jpg 200w, https:\/\/bitcoinplay.org\/wp-content\/uploads\/2025\/02\/cryptocasino-150x150.jpg 150w\" sizes=\"(max-width: 200px) 100vw, 200px\" \/>\t\t\t\t\t\t\t\t<\/a>\r\n\t\t\t\t\t\t\t\t\t\t\t\t\t<\/div>\r\n\t\t\t\t\t\t<div class=\"space-companies-2-archive-item-title-box left relative\">\r\n\t\t\t\t\t\t\t<div class=\"space-companies-2-archive-item-title-box-ins relative\">\r\n\t\t\t\t\t\t\t\t<div class=\"space-companies-2-archive-item-title relative\">\r\n\t\t\t\t\t\t\t\t\t<a href=\"https:\/\/bitcoinplay.org\/recommends\/cryptocasino\/\" title=\"Avis CryptoCasino 2026\" target=\"_blank\" rel=\"nofollow sponsored\">Avis CryptoCasino 2026<\/a>\r\n\t\t\t\t\t\t\t\t<\/div>\r\n\r\n\t\t\t\t\t\t\t\t\t\t\t\t\t\t\t\t\t<div class=\"space-companies-2-archive-item-rating relative\">\r\n\t\t\t\t\t\t\t\t\t\t<div class=\"star-rating\"><div class=\"star star-full\" aria-hidden=\"true\"><\/div><div class=\"star star-full\" aria-hidden=\"true\"><\/div><div class=\"star star-full\" aria-hidden=\"true\"><\/div><div class=\"star star-full\" aria-hidden=\"true\"><\/div><div class=\"star star-full\" aria-hidden=\"true\"><\/div><div class=\"star star-full\" aria-hidden=\"true\"><\/div><div class=\"star star-full\" aria-hidden=\"true\"><\/div><div class=\"star star-full\" aria-hidden=\"true\"><\/div><div class=\"star star-full\" aria-hidden=\"true\"><\/div><div class=\"star star-empty\" aria-hidden=\"true\"><\/div><\/div>\t\t\t\t\t\t\t\t\t<\/div>\r\n\t\t\t\t\t\t\t\t\r\n\t\t\t\t\t\t\t\t\t\t\t\t\t\t\t<\/div>\r\n\t\t\t\t\t\t<\/div>\r\n\t\t\t\t\t<\/div>\r\n\t\t\t\t<\/div>\r\n\r\n\t\t\t\t\r\n\t\t\t\t<div class=\"space-companies-2-archive-item box-100 relative\">\r\n\t\t\t\t\t<div class=\"space-companies-2-archive-item-ins relative\">\r\n\t\t\t\t\t\t<div class=\"space-companies-2-archive-item-img left relative\">\r\n\t\t\t\t\t\t\t\t\t\t\t\t\t\t\t<a href=\"https:\/\/bitcoinplay.org\/recommends\/fortune-jack\/\" title=\"Avis FortuneJack Casino 2025\" target=\"_blank\" rel=\"nofollow sponsored\">\r\n\t\t\t\t\t\t\t\t\t<img decoding=\"async\" width=\"200\" height=\"200\" src=\"https:\/\/bitcoinplay.org\/wp-content\/uploads\/2025\/01\/fortune-jack-logo.jpg\" class=\"attachment-mercury-100-100 size-mercury-100-100\" alt=\"Avis FortuneJack Casino 2025\" srcset=\"https:\/\/bitcoinplay.org\/wp-content\/uploads\/2025\/01\/fortune-jack-logo.jpg 200w, https:\/\/bitcoinplay.org\/wp-content\/uploads\/2025\/01\/fortune-jack-logo-150x150.jpg 150w\" sizes=\"(max-width: 200px) 100vw, 200px\" \/>\t\t\t\t\t\t\t\t<\/a>\r\n\t\t\t\t\t\t\t\t\t\t\t\t\t<\/div>\r\n\t\t\t\t\t\t<div class=\"space-companies-2-archive-item-title-box left relative\">\r\n\t\t\t\t\t\t\t<div class=\"space-companies-2-archive-item-title-box-ins relative\">\r\n\t\t\t\t\t\t\t\t<div class=\"space-companies-2-archive-item-title relative\">\r\n\t\t\t\t\t\t\t\t\t<a href=\"https:\/\/bitcoinplay.org\/recommends\/fortune-jack\/\" title=\"Avis FortuneJack Casino 2025\" target=\"_blank\" rel=\"nofollow sponsored\">Avis FortuneJack Casino 2025<\/a>\r\n\t\t\t\t\t\t\t\t<\/div>\r\n\r\n\t\t\t\t\t\t\t\t\t\t\t\t\t\t\t\t\t<div class=\"space-companies-2-archive-item-rating relative\">\r\n\t\t\t\t\t\t\t\t\t\t<div class=\"star-rating\"><div class=\"star star-full\" aria-hidden=\"true\"><\/div><div class=\"star star-full\" aria-hidden=\"true\"><\/div><div class=\"star star-full\" aria-hidden=\"true\"><\/div><div class=\"star star-full\" aria-hidden=\"true\"><\/div><div class=\"star star-full\" aria-hidden=\"true\"><\/div><div class=\"star star-full\" aria-hidden=\"true\"><\/div><div class=\"star star-full\" aria-hidden=\"true\"><\/div><div class=\"star star-full\" aria-hidden=\"true\"><\/div><div class=\"star star-empty\" aria-hidden=\"true\"><\/div><div class=\"star star-empty\" aria-hidden=\"true\"><\/div><\/div>\t\t\t\t\t\t\t\t\t<\/div>\r\n\t\t\t\t\t\t\t\t\r\n\t\t\t\t\t\t\t\t\t\t\t\t\t\t\t<\/div>\r\n\t\t\t\t\t\t<\/div>\r\n\t\t\t\t\t<\/div>\r\n\t\t\t\t<\/div>\r\n\r\n\t\t\t\t\r\n\t\t\t<\/div>\r\n\t\t\r\n\t\t<\/div>\r\n\t<\/div>\r\n\r\n\n<h3><strong>FAQ<\/strong><\/h3>\n<ul>\n<li><strong>Comprendre le jeu de d\u00e9s crypto<\/strong><\/li>\n<\/ul>\n<p>Le monde passionnant de Crypto Dice est un choix populaire pour les amateurs de jeux de crypto-monnaie. Les joueurs pr\u00e9disent le r\u00e9sultat d&rsquo;un lancer de d\u00e9s num\u00e9rique, et pour une transparence totale, les r\u00e9sultats sont pilot\u00e9s par des algorithmes sophistiqu\u00e9s et la technologie blockchain.<\/p>\n<ul>\n<li><strong>Instructions d\u00e9taill\u00e9es pour jouer aux d\u00e9s Bitcoin<\/strong><\/li>\n<\/ul>\n<p>S\u2019engager dans le jeu Bitcoin Dice est simple. Tout d\u2019abord, d\u00e9posez Bitcoin sur votre compte sur un site de jeu crypto cr\u00e9dible, tel que [Votre nom de site Web]. Ensuite, placez un pari sur le r\u00e9sultat des rouleaux de d\u00e9s num\u00e9riques. Chaque plateforme a des r\u00e8gles uniques; cependant, l\u2019objectif principal est de pr\u00e9dire si le rouleau \u00e0 venir d\u00e9passera ou sera en de\u00e7\u00e0 d\u2019un nombre sp\u00e9cifique.<\/p>\n<ul>\n<li><strong>Assurer une exp\u00e9rience s\u00e9curis\u00e9e de Crypto Dice<\/strong><\/li>\n<\/ul>\n<p>Est-il s\u00fbr de jouer Crypto Dice? La r\u00e9ponse d\u00e9pend de divers facteurs, tels que l\u2019int\u00e9grit\u00e9 de la plate-forme que vous utilisez, la robustesse de ses protocoles de s\u00e9curit\u00e9 et vos mesures de s\u00e9curit\u00e9 personnelles comme les portefeuilles de crypto-monnaie s\u00e9curis\u00e9s.<\/p>\n<ul>\n<li><strong>Qu\u2019est-ce qui rend les jeux de d\u00e9s Bitcoin \u00ab \u00e9quitables \u00bb?<\/strong><\/li>\n<\/ul>\n<p>De nombreuses plateformes Bitcoin Dice se targuent d\u2019\u00eatre \u00ab manifestement \u00e9quitables \u00bb, ce qui implique que leurs r\u00e9sultats, g\u00e9n\u00e9r\u00e9s par des algorithmes complexes, peuvent \u00eatre v\u00e9rifi\u00e9s de mani\u00e8re ind\u00e9pendante. Cette assurance provient des fonctions de hachage cryptographique. N\u00e9anmoins, L\u2019\u00e9quit\u00e9 du jeu d\u00e9pend fortement de la cr\u00e9dibilit\u00e9 et de l\u2019honn\u00eatet\u00e9 du site d\u2019h\u00e9bergement.<\/p>\n<ul>\n<li><strong>Strat\u00e9gies gagnantes pour Crypto Dice<\/strong><\/li>\n<\/ul>\n<p>Comme pour toutes les formes de jeu, il n\u2019y a pas de strat\u00e9gie infaillible pour gagner syst\u00e9matiquement chez Crypto Dice \u2013 la chance joue un r\u00f4le important. Cependant, vous familiariser avec les r\u00e8gles du jeu, \u00e9laborer des strat\u00e9gies de paris et fixer une limite aux pertes potentielles peut am\u00e9liorer vos tactiques de jeu.<\/p>\n<ul>\n<li><strong>Implications fiscales pour les gains en Bitcoin Dice<\/strong><\/li>\n<\/ul>\n<p>Selon votre juridiction, vous devrez peut-\u00eatre payer des taxes sur les gains en Bitcoin provenant des jeux de d\u00e9s. Les obligations fiscales peuvent varier consid\u00e9rablement, il est donc crucial de rester inform\u00e9 des r\u00e9glementations locales concernant les gains en crypto-monnaie.<\/p>\n<ul>\n<li><strong>S\u00e9lection de la meilleure plateforme pour les jeux de d\u00e9s Crypto et Bitcoin Dice<\/strong><\/li>\n<\/ul>\n<p>De nombreuses plateformes proposent des jeux Crypto Dice et Bitcoin Dice. Pour choisir le bon site pour vous, vous devez \u00e9valuer plusieurs facteurs tels que l\u2019accessibilit\u00e9 g\u00e9ographique, la r\u00e9putation du site, la vari\u00e9t\u00e9 des jeux et la qualit\u00e9 du service client. Il est essentiel de mener des recherches approfondies avant de d\u00e9cider d\u2019une plate-forme pour vos besoins de jeu crypto.<\/p>\n","protected":false},"excerpt":{"rendered":"<p>Avec l&rsquo;introduction de la crypto-monnaie, la tradition du jeu de d\u00e9s a pris un tournant innovant. Pour vous offrir une exp\u00e9rience de jeu passionnante et captivante, BitcoinPlay.org a parfaitement combin\u00e9 ces deux mondes. Notre plate-forme est \u00e0 l&rsquo;avant-garde du domaine en plein essor du jeu crypto, offrant un environnement dynamique et s\u00e9curis\u00e9 aux amateurs de &#8230; <a title=\"Avis FortuneJack Casino 2025\" class=\"read-more\" href=\"https:\/\/bitcoinplay.org\/fr\/jeu\/fortunejack-casino-avis\/\" aria-label=\"En savoir plus sur Avis FortuneJack Casino 2025\">Lire plus<\/a><\/p>\n","protected":false},"author":3,"featured_media":0,"parent":0,"menu_order":0,"comment_status":"closed","ping_status":"closed","template":"","meta":{"footnotes":""},"class_list":["post-11763","page","type-page","status-publish","hentry"],"_links":{"self":[{"href":"https:\/\/bitcoinplay.org\/fr\/wp-json\/wp\/v2\/pages\/11763","targetHints":{"allow":["GET"]}}],"collection":[{"href":"https:\/\/bitcoinplay.org\/fr\/wp-json\/wp\/v2\/pages"}],"about":[{"href":"https:\/\/bitcoinplay.org\/fr\/wp-json\/wp\/v2\/types\/page"}],"author":[{"embeddable":true,"href":"https:\/\/bitcoinplay.org\/fr\/wp-json\/wp\/v2\/users\/3"}],"replies":[{"embeddable":true,"href":"https:\/\/bitcoinplay.org\/fr\/wp-json\/wp\/v2\/comments?post=11763"}],"version-history":[{"count":0,"href":"https:\/\/bitcoinplay.org\/fr\/wp-json\/wp\/v2\/pages\/11763\/revisions"}],"wp:attachment":[{"href":"https:\/\/bitcoinplay.org\/fr\/wp-json\/wp\/v2\/media?parent=11763"}],"curies":[{"name":"wp","href":"https:\/\/api.w.org\/{rel}","templated":true}]}}