{"id":12181,"date":"2022-08-21T15:35:03","date_gmt":"2022-08-21T13:35:03","guid":{"rendered":"https:\/\/bitcoinplay.org\/top-bitcoin-casino-list\/7258-2\/"},"modified":"2025-12-26T16:40:16","modified_gmt":"2025-12-26T15:40:16","slug":"jeux-bitcoin-gratuits","status":"publish","type":"page","link":"https:\/\/bitcoinplay.org\/fr\/bonus-casino\/jeux-bitcoin-gratuits\/","title":{"rendered":"Jouez aux casinos Bitcoin avec bonus et Free Spins"},"content":{"rendered":"<p>Les joueurs accordent plus d\u2019attention aux bonus sans d\u00e9p\u00f4t offerts par les casinos crypto en ligne. Ils ont tendance \u00e0 choisir le meilleur casino Bitcoin qui offre d\u2019excellentes r\u00e9compenses telles que des Free Spins, des bonus de fid\u00e9lit\u00e9 et bien d\u2019autres. Un bonus sans d\u00e9p\u00f4t qui vous permettra de gagner du Bitcoin.<\/p>\n<p>Dans cet article, nous allons discuter du bonus sans d\u00e9p\u00f4t et de leurs types en d\u00e9tail. Nous discuterons \u00e9galement des exigences pour r\u00e9clamer et retirer ces bonus.<\/p>\n<p><img decoding=\"async\" class=\"alignnone wp-image-12080 size-full\" src=\"https:\/\/bitcoinplay.org\/wp-content\/uploads\/2023\/09\/no-deposit-bonus-banner.jpg\" alt=\"Image promotionnelle pour l\u2019offre de bonus sans d\u00e9p\u00f4t sur Casino Bitcoin\" width=\"1024\" height=\"1024\" srcset=\"https:\/\/bitcoinplay.org\/wp-content\/uploads\/2023\/09\/no-deposit-bonus-banner.jpg 1024w, https:\/\/bitcoinplay.org\/wp-content\/uploads\/2023\/09\/no-deposit-bonus-banner-300x300.jpg 300w, https:\/\/bitcoinplay.org\/wp-content\/uploads\/2023\/09\/no-deposit-bonus-banner-150x150.jpg 150w, https:\/\/bitcoinplay.org\/wp-content\/uploads\/2023\/09\/no-deposit-bonus-banner-768x768.jpg 768w\" sizes=\"(max-width: 1024px) 100vw, 1024px\" \/><\/p>\n<div id=\"ez-toc-container\" class=\"ez-toc-v2_0_82_2 counter-hierarchy ez-toc-counter ez-toc-grey ez-toc-container-direction\">\n<div class=\"ez-toc-title-container\">\n<p class=\"ez-toc-title\" style=\"cursor:inherit\">Guide Casino Crypto: Traqueur de Paris<\/p>\n<span class=\"ez-toc-title-toggle\"><a href=\"#\" class=\"ez-toc-pull-right ez-toc-btn ez-toc-btn-xs ez-toc-btn-default ez-toc-toggle\" aria-label=\"Toggle Table of Content\"><span class=\"ez-toc-js-icon-con\"><span class=\"\"><span class=\"eztoc-hide\" style=\"display:none;\">Toggle<\/span><span class=\"ez-toc-icon-toggle-span\"><svg style=\"fill: #999;color:#999\" xmlns=\"http:\/\/www.w3.org\/2000\/svg\" class=\"list-377408\" width=\"20px\" height=\"20px\" viewBox=\"0 0 24 24\" fill=\"none\"><path d=\"M6 6H4v2h2V6zm14 0H8v2h12V6zM4 11h2v2H4v-2zm16 0H8v2h12v-2zM4 16h2v2H4v-2zm16 0H8v2h12v-2z\" fill=\"currentColor\"><\/path><\/svg><svg style=\"fill: #999;color:#999\" class=\"arrow-unsorted-368013\" xmlns=\"http:\/\/www.w3.org\/2000\/svg\" width=\"10px\" height=\"10px\" viewBox=\"0 0 24 24\" version=\"1.2\" baseProfile=\"tiny\"><path d=\"M18.2 9.3l-6.2-6.3-6.2 6.3c-.2.2-.3.4-.3.7s.1.5.3.7c.2.2.4.3.7.3h11c.3 0 .5-.1.7-.3.2-.2.3-.5.3-.7s-.1-.5-.3-.7zM5.8 14.7l6.2 6.3 6.2-6.3c.2-.2.3-.5.3-.7s-.1-.5-.3-.7c-.2-.2-.4-.3-.7-.3h-11c-.3 0-.5.1-.7.3-.2.2-.3.5-.3.7s.1.5.3.7z\"\/><\/svg><\/span><\/span><\/span><\/a><\/span><\/div>\n<nav><ul class='ez-toc-list ez-toc-list-level-1 ' ><li class='ez-toc-page-1 ez-toc-heading-level-3'><a class=\"ez-toc-link ez-toc-heading-1\" href=\"https:\/\/bitcoinplay.org\/fr\/bonus-casino\/jeux-bitcoin-gratuits\/#Bonus_sans_depot_et_Free_Spins_pour_casinos_et_paris_sportifs_en_Bitcoin\" >Bonus sans d\u00e9p\u00f4t et Free Spins pour casinos et paris sportifs en Bitcoin.<\/a><\/li><li class='ez-toc-page-1 ez-toc-heading-level-3'><a class=\"ez-toc-link ez-toc-heading-2\" href=\"https:\/\/bitcoinplay.org\/fr\/bonus-casino\/jeux-bitcoin-gratuits\/#2_bonus_sans_depot_et_Free_Spins_valables_en_2026\" >2 bonus sans d\u00e9p\u00f4t et Free Spins valables en 2026<\/a><\/li><li class='ez-toc-page-1 ez-toc-heading-level-3'><a class=\"ez-toc-link ez-toc-heading-3\" href=\"https:\/\/bitcoinplay.org\/fr\/bonus-casino\/jeux-bitcoin-gratuits\/#Types_de_bonus_sans_depot_pour_casinos_en_ligne_Bitcoin\" >Types de bonus sans d\u00e9p\u00f4t pour casinos en ligne Bitcoin<\/a><\/li><li class='ez-toc-page-1 ez-toc-heading-level-3'><a class=\"ez-toc-link ez-toc-heading-4\" href=\"https:\/\/bitcoinplay.org\/fr\/bonus-casino\/jeux-bitcoin-gratuits\/#Bonus_denregistrement_ou_welcome_bonus\" >Bonus d\u2019enregistrement ou welcome bonus<\/a><\/li><li class='ez-toc-page-1 ez-toc-heading-level-3'><a class=\"ez-toc-link ez-toc-heading-5\" href=\"https:\/\/bitcoinplay.org\/fr\/bonus-casino\/jeux-bitcoin-gratuits\/#Bonus_en_Free_Spins\" >Bonus en Free Spins<\/a><\/li><li class='ez-toc-page-1 ez-toc-heading-level-3'><a class=\"ez-toc-link ez-toc-heading-6\" href=\"https:\/\/bitcoinplay.org\/fr\/bonus-casino\/jeux-bitcoin-gratuits\/#Bonus_regulier_sans_depot\" >Bonus r\u00e9gulier sans d\u00e9p\u00f4t<\/a><\/li><li class='ez-toc-page-1 ez-toc-heading-level-3'><a class=\"ez-toc-link ez-toc-heading-7\" href=\"https:\/\/bitcoinplay.org\/fr\/bonus-casino\/jeux-bitcoin-gratuits\/#Bonus_de_parrainage_sans_depot\" >Bonus de parrainage sans d\u00e9p\u00f4t<\/a><\/li><li class='ez-toc-page-1 ez-toc-heading-level-3'><a class=\"ez-toc-link ez-toc-heading-8\" href=\"https:\/\/bitcoinplay.org\/fr\/bonus-casino\/jeux-bitcoin-gratuits\/#Bonus_de_remboursement\" >Bonus de remboursement<\/a><\/li><li class='ez-toc-page-1 ez-toc-heading-level-3'><a class=\"ez-toc-link ez-toc-heading-9\" href=\"https:\/\/bitcoinplay.org\/fr\/bonus-casino\/jeux-bitcoin-gratuits\/#Programme_de_fidelite\" >Programme de fid\u00e9lit\u00e9<\/a><\/li><li class='ez-toc-page-1 ez-toc-heading-level-3'><a class=\"ez-toc-link ez-toc-heading-10\" href=\"https:\/\/bitcoinplay.org\/fr\/bonus-casino\/jeux-bitcoin-gratuits\/#Conclusion\" >Conclusion<\/a><\/li><li class='ez-toc-page-1 ez-toc-heading-level-3'><a class=\"ez-toc-link ez-toc-heading-11\" href=\"https:\/\/bitcoinplay.org\/fr\/bonus-casino\/jeux-bitcoin-gratuits\/#Foire_aux_questions\" >Foire aux questions<\/a><\/li><\/ul><\/nav><\/div>\n\n<h3>Bonus sans d\u00e9p\u00f4t et Free Spins pour casinos et paris sportifs en Bitcoin.<\/h3>\n<p>Bitcoin casino bonus sans d\u00e9p\u00f4t est la r\u00e9compense pour les activit\u00e9s effectu\u00e9es par les joueurs sans avoir besoin de d\u00e9poser des crypto-monnaies sur la plateforme. Les activit\u00e9s comprennent l\u2019inscription, les r\u00e9f\u00e9rences, le nombre de paris et la participation r\u00e9guli\u00e8re. Les bonus sans d\u00e9p\u00f4t ne sont g\u00e9n\u00e9ralement pas \u00e9normes car ils sont r\u00e9compens\u00e9s pour encourager les joueurs \u00e0 poursuivre leurs activit\u00e9s sur la plateforme et sont limit\u00e9s \u00e0 une quantit\u00e9 particuli\u00e8re de monnaie.<\/p>\n<p>En d\u2019autres termes, les bonus sans d\u00e9p\u00f4t sont de l\u2019argent test\u00e9 fourni aux joueurs pour tester les fonctionnalit\u00e9s et les activit\u00e9s du site de casino. Il est essentiel de noter que pour activer et retirer ces bonus, vous devez remplir les conditions de mise de bonus.<\/p>\n<p>Il existe diff\u00e9rents types de primes sans d\u00e9p\u00f4t, notamment\u00a0:<\/p>\n<ul>\n<li>Bonus d&rsquo;enregistrement<\/li>\n<li>Bonus Free Spins<\/li>\n<li>Bonus r\u00e9gulier<\/li>\n<li>Bonus de parrainage<\/li>\n<li>Prime de fid\u00e9lit\u00e9<\/li>\n<\/ul>\n<h3 style=\"text-align: left;\">2 bonus sans d\u00e9p\u00f4t et Free Spins valables en 2026<\/h3>\n\r\n\t<div class=\"space-shortcode-wrap space-shortcode-8 relative\">\r\n\t\t<div class=\"space-shortcode-wrap-ins relative\">\r\n\r\n\t\t\t\r\n\t\t\t<div class=\"space-offers-archive-items box-100 relative\">\r\n\r\n\t\t\t\t\r\n\t\t\t\t<div class=\"space-offers-archive-item box-50 relative space-dark-style\">\r\n\t\t\t\t\t<div class=\"space-offers-archive-item-ins relative\">\r\n\t\t\t\t\t\t<div class=\"space-offers-archive-item-wrap text-center relative\">\r\n\r\n\t\t\t\t\t\t\t\t\t\t\t\t\t\t<div class=\"space-offers-archive-item-cat relative\">\r\n\r\n\t\t\t\t\t\t\t\t\t\t\t\t\t\t\t        <a href=\"https:\/\/bitcoinplay.org\/bonus-category\/no-deposit-bonus\/\" title=\"No deposit bonus\">No deposit bonus<\/a>\r\n\t\t\t\t\t\t\t    \t\t\t\t\t\t\t\t\r\n\t\t\t\t\t\t\t<\/div>\r\n\t\t\t\t\t\t\t\r\n\t\t\t\t\t\t\t<div class=\"space-offers-archive-item-title relative\">\r\n\t\t\t\t\t\t\t\t<a href=\"https:\/\/bitcoinplay.org\/slotvibe-no-deposit-bonus\/\" title=\"Slotvibe No Deposit Free Spins\">Slotvibe No Deposit Free Spins<\/a>\r\n\t\t\t\t\t\t\t<\/div>\r\n\r\n\t\t\t\t\t\t\t\t\t\t\t\t\t\t<div class=\"space-offers-archive-item-code relative\">\r\n\t\t\t\t\t\t\t\t<div class=\"space-offers-archive-item-code-value relative\">\r\n\t\t\t\t\t\t\t\t\tBTC30\t\t\t\t\t\t\t\t<\/div>\r\n\t\t\t\t\t\t\t\t<div class=\"space-offers-archive-item-code-title absolute\">\r\n\t\t\t\t\t\t\t\t\t<span>Code Bonus<\/span>\r\n\t\t\t\t\t\t\t\t<\/div>\r\n\t\t\t\t\t\t\t<\/div>\r\n\r\n\t\t\t\t\t\t\t\t\t\t\t\t\t\t\t\t<div class=\"space-offers-archive-item-code-date relative\">\r\n\t\t\t\t\t\t\t\t\tValide Jusqu&#039;\u00e0: <span>Juin 30, 2024<\/span>\r\n\t\t\t\t\t\t\t\t<\/div>\r\n\t\t\t\t\t\t\t\t\t\t\t\t\t\t\t\t\r\n\t\t\t\t\t\t\t\r\n\t\t\t\t\t\t\t\t\t\t\t\t\t\t<div class=\"space-offers-archive-item-short-desc relative\">\r\n\t\t\t\t\t\t\t\tUp to:\r\n<p>\r\n  <a title=\"\" href=\"https:\/\/bitcoinplay.org\/recommends\/slotvibe\/\" target=\"_blank\" rel=\"noopener noreferrer sponsored\">\r\n    <strong>1 BTC<\/strong>\r\n  <\/a>\r\n<\/p>\r\n<br><span>Welcome Package<\/span><\/p>\r\n<p>100% Up to 1 Btc + 150 Free Spins<\/p>\t\t\t\t\t\t\t<\/div>\r\n\t\t\t\t\t\t\t\r\n\t\t\t\t\t\t\t<div class=\"space-offers-archive-item-button relative\">\r\n\t\t\t\t\t\t\t\t<a href=\"https:\/\/bitcoinplay.org\/recommends\/slotvibe\/\" title=\"Claim Bonus\" target=\"_blank\" rel=\"nofollow sponsored\">Claim Bonus<\/a>\r\n\t\t\t\t\t\t\t<\/div>\r\n\r\n\t\t\t\t\t\t\t\r\n\t\t\t\t\t\t\t\r\n\t\t\t\t\t\t\t<div class=\"space-offers-archive-item-button-notice relative\" style=\"margin-top: 5px;\">\r\n\t\t\t\t\t\t\t\t<p>\u2705 VIP Program<\/p>\t\t\t\t\t\t\t<\/div>\r\n\r\n\t\t\t\t\t\t\t\r\n\t\t\t\t\t\t<\/div>\r\n\t\t\t\t\t<\/div>\r\n\t\t\t\t<\/div>\r\n\r\n\t\t\t\t\r\n\t\t\t<\/div>\r\n\t\t\r\n\t\t<\/div>\r\n\t<\/div>\r\n\r\n\t\n<h3>Types de bonus sans d\u00e9p\u00f4t pour casinos en ligne Bitcoin<\/h3>\n<p>Vous pouvez r\u00e9clamer de nombreuses r\u00e9compenses sans d\u00e9p\u00f4t sur les sites des casinos sans effectuer de d\u00e9p\u00f4t. Voici quelques-uns des casinos en ligne typiques sans bonus de d\u00e9p\u00f4t que vous pouvez trouver sur les sites Web de casino bitcoin\u00a0:<\/p>\n<h3>Bonus d\u2019enregistrement ou welcome bonus<\/h3>\n<p>Le bonus d\u2019inscription est un type de bonus sans d\u00e9p\u00f4t, et il est offert aux joueurs une fois l\u2019inscription et la v\u00e9rification termin\u00e9es. Il permet aux joueurs de jouer \u00e0 des jeux de casino en ligne sans d\u00e9poser sur un compte.<\/p>\n<p><img decoding=\"async\" class=\"wp-image-12102 alignnone\" src=\"https:\/\/bitcoinplay.org\/wp-content\/uploads\/2023\/09\/sign-up-bonus-300x300.jpg\" alt=\"Bonus d'enregistrement\" width=\"400\" height=\"400\" srcset=\"https:\/\/bitcoinplay.org\/wp-content\/uploads\/2023\/09\/sign-up-bonus-300x300.jpg 300w, https:\/\/bitcoinplay.org\/wp-content\/uploads\/2023\/09\/sign-up-bonus-150x150.jpg 150w, https:\/\/bitcoinplay.org\/wp-content\/uploads\/2023\/09\/sign-up-bonus-768x768.jpg 768w, https:\/\/bitcoinplay.org\/wp-content\/uploads\/2023\/09\/sign-up-bonus.jpg 1024w\" sizes=\"(max-width: 400px) 100vw, 400px\" \/><\/p>\n<p>La prime de bienvenue ou d\u2019inscription est r\u00e9compens\u00e9e de trois fa\u00e7ons\u00a0:<\/p>\n<ul>\n<li>Une remise en argent,<\/li>\n<li>Un certain montant d\u2019argent bonus Bitcoin, qui est toujours inf\u00e9rieur au bonus du premier d\u00e9p\u00f4t, et<\/li>\n<li>Free Spins sans d\u00e9p\u00f4t.<\/li>\n<\/ul>\n<p>Retirer le bonus de bienvenue n\u2019est pas une t\u00e2che facile; vous devez r\u00e9pondre aux exigences et conditions \u00e9nonc\u00e9es par les casinos.<\/p>\n<h3>Bonus en Free Spins<\/h3>\n<p>Le Free Spin est un bonus pour jouer dans un casino en ligne sans d\u00e9p\u00f4t. Il est offert par beaucoup de casinos en ligne Bitcoin. Il est \u00e9galement consid\u00e9r\u00e9 comme une m\u00e9thode de paiement de bonus de casino Bitcoin. Il est r\u00e9compens\u00e9 aux joueurs une fois qu\u2019ils effectuent des activit\u00e9s de casino telles que premier d\u00e9p\u00f4t, bienvenue ou inscription, r\u00e9f\u00e9rences, et beaucoup plus.<\/p>\n<p>Les Free Spins sont des offres promotionnelles que vous obtenez en jouant \u00e0 des jeux en ligne dans les casinos. Il y a des conditions ci-jointes pour \u00eatre \u00e9ligible aux bonus Free Spins, telles que la limite de temps et les conditions de mise.<\/p>\n<p>Les bonus Free Spins sont assortis de conditions de mise \u00e9lev\u00e9es, et vous devez utiliser votre bonus pendant le temps sp\u00e9cifi\u00e9. Par cons\u00e9quent, prenez votre temps pour v\u00e9rifier les termes et conditions pour comprendre comment les bonus de Free Spins sans d\u00e9p\u00f4t fonctionnent dans chaque casino.<\/p>\n<p>Pour r\u00e9clamer un bonus Free Spins, vous devez jouer aux jeux pour lesquels les tours sont fournis, et un d\u00e9p\u00f4t imm\u00e9diat des tours gratuits sera effectu\u00e9 automatiquement. En outre, l\u2019exigence de mise est cruciale car elle fournit le nombre de fois que vous devez miser le bonus avant qu\u2019il ne se transforme en argent r\u00e9el.<\/p>\n<p>Cependant, il est essentiel de garder \u00e0 l\u2019esprit qu\u2019apr\u00e8s avoir \u00e9puis\u00e9 vos Free Spins, vous devez jouer \u00e0 des jeux avec un montant particulier qui pourrait \u00eatre plus \u00e9lev\u00e9; apr\u00e8s cela, vous pourrez effectuer un retrait.<\/p>\n<p><img decoding=\"async\" class=\"wp-image-12106 size-medium alignnone\" src=\"https:\/\/bitcoinplay.org\/wp-content\/uploads\/2023\/09\/free-spins-300x300.jpg\" alt=\"Machine \u00e0 sous avec Bitcoin pour Free Spins Bonus dans les jeux en ligne\" width=\"300\" height=\"300\" srcset=\"https:\/\/bitcoinplay.org\/wp-content\/uploads\/2023\/09\/free-spins-300x300.jpg 300w, https:\/\/bitcoinplay.org\/wp-content\/uploads\/2023\/09\/free-spins-150x150.jpg 150w, https:\/\/bitcoinplay.org\/wp-content\/uploads\/2023\/09\/free-spins-768x768.jpg 768w, https:\/\/bitcoinplay.org\/wp-content\/uploads\/2023\/09\/free-spins.jpg 1024w\" sizes=\"(max-width: 300px) 100vw, 300px\" \/><\/p>\n<p>Les bonus Free Spins sont de diff\u00e9rents types. Cependant, les trois types courants comprennent :<\/p>\n<ul>\n<li>Free Spins sans mise<\/li>\n<li>Free Spins sans d\u00e9p\u00f4t<\/li>\n<li>Free Spins de d\u00e9p\u00f4t<\/li>\n<\/ul>\n<h3>Bonus r\u00e9gulier sans d\u00e9p\u00f4t<\/h3>\n<p><img decoding=\"async\" class=\"wp-image-7287 size-full aligncenter\" src=\"https:\/\/bitcoinplay.org\/wp-content\/uploads\/2022\/08\/no-deposit-referal-bonus.jpg\" alt=\"bonus de parrainage sans d\u00e9p\u00f4t\" width=\"1024\" height=\"266\" srcset=\"https:\/\/bitcoinplay.org\/wp-content\/uploads\/2022\/08\/no-deposit-referal-bonus.jpg 1024w, https:\/\/bitcoinplay.org\/wp-content\/uploads\/2022\/08\/no-deposit-referal-bonus-300x78.jpg 300w, https:\/\/bitcoinplay.org\/wp-content\/uploads\/2022\/08\/no-deposit-referal-bonus-768x200.jpg 768w\" sizes=\"(max-width: 1024px) 100vw, 1024px\" \/><\/p>\n<p>Les bonus r\u00e9guliers sans d\u00e9p\u00f4t sont r\u00e9compens\u00e9s aux joueurs actifs qui jouent \u00e0 des jeux de casino en ligne, jouent et font d\u2019autres activit\u00e9s de casino. Il est pay\u00e9 \u00e0 la semaine, au mois ou le week-end.<\/p>\n<p>Vous devez noter que l\u2019enregistrement est n\u00e9cessaire mais pas suffisant. M\u00eame si vous visitez r\u00e9guli\u00e8rement le casino, vous devez participer activement aux activit\u00e9s du casino pour recevoir le bonus. Les bonus r\u00e9guliers sont vers\u00e9s en cashback, en argent bonus de casino bitcoin et en un pourcentage fixe de la monnaie d\u00e9pos\u00e9e.<\/p>\n<h3>Bonus de parrainage sans d\u00e9p\u00f4t<\/h3>\n<p>Les casinos Bitcoin vous permettent de g\u00e9n\u00e9rer des codes de parrainage qui peuvent \u00eatre utilis\u00e9s par vos amis pour vous inscrire au casino. Vous recevrez un bonus de parrainage une fois que vos amis auront d\u00e9pos\u00e9 la crypto-monnaie accept\u00e9e par le casino.<\/p>\n<p>Les casinos offrent des bonus de r\u00e9f\u00e9rence sous diff\u00e9rentes formes; Cependant, deux formes importantes sont courantes\u00a0: un montant de bonus fixe et un bonus bas\u00e9 sur un pourcentage du premier d\u00e9p\u00f4t de votre ami. Il pourrait \u00e9galement \u00eatre sous la forme de tours gratuits sans d\u00e9p\u00f4t.<\/p>\n<p>R\u00e9clamer une prime de parrainage n\u00e9cessite beaucoup de travail. Il implique un lien unique g\u00e9n\u00e9r\u00e9 par le casino pour confirmer que vous avez r\u00e9f\u00e9r\u00e9 vos amis, et avec l\u2019aide de ce syst\u00e8me, les utilisateurs ont diff\u00e9rents liens de r\u00e9f\u00e9rence.<\/p>\n<p>Si vous demandez une prime de recommandation, les \u00e9tapes suivantes doivent \u00eatre suivies\u00a0:<\/p>\n<ul>\n<li>Partagez votre lien unique avec vos amis<\/li>\n<li>Assurez-vous qu\u2019ils se sont inscrits en utilisant votre lien et<\/li>\n<li>Guidez vos amis \u00e0 faire leur premier d\u00e9p\u00f4t.<\/li>\n<\/ul>\n<p>Une fois que les \u00e9tapes sont correctement suivies, vous recevez le bonus soit en pourcentage de la devise d\u00e9pos\u00e9e, soit sans d\u00e9p\u00f4t. Cependant, notez que vous n\u2019obtiendrez pas le bonus de parrainage si vos amis s\u2019inscrivent sans votre lien de parrainage.<\/p>\n<p>En outre, v\u00e9rifiez les termes et conditions du programme de parrainage si vous avez l\u2019intention de recommander vos amis pour \u00e9viter d\u2019\u00eatre disqualifi\u00e9 pour le bonus de parrainage si l\u2019un d\u2019entre vous fait quelque chose contre les r\u00e8gles.<\/p>\n<h3>Bonus de remboursement<\/h3>\n<p>Le programme de bonus de Remboursement (Cashback) est une offre gentille pour que les joueurs obtiennent un pourcentage de retour apr\u00e8s une partie est perdue. C\u2019est une forme de compensation offerte par les casinos pour encourager les joueurs \u00e0 continuer \u00e0 jouer malgr\u00e9 les pertes.<\/p>\n<p>Le pourcentage des casinos de bonne volont\u00e9 sont pr\u00eats \u00e0 offrir des fourchettes entre 10% et 20%, ce qui varie entre les casinos. Il est important de noter que les casinos ont un pourcentage maximum que vous pouvez r\u00e9clamer en retour.<\/p>\n<p>Les bonus de remboursement (cashback) en argent en valent la peine pour les raisons suivantes :<\/p>\n<ul>\n<li>Il offre de meilleurs rendements aux joueurs<\/li>\n<li>Il r\u00e9compense les joueurs fid\u00e8les dans les casinos<\/li>\n<li>Il est facile de b\u00e9n\u00e9ficier de bonus cashback<\/li>\n<li>Il ne n\u00e9cessite aucune exigence de mise, ce qui le rend facile \u00e0 r\u00e9clamer<\/li>\n<\/ul>\n<p>Bien que les bonus cashback n\u2019aient pas d\u2019exigence de mise, des limites maximales s\u2019appliquent, c\u2019est-\u00e0-dire le montant maximum que vous recevrez en cas de pertes.<\/p>\n<p>Chaque bonus est assorti d\u2019une limite de temps, y compris votre bonus cashback. Il ne sera pas avec vous pour toujours; par cons\u00e9quent, assurez-vous toujours de lire les termes et conditions avant d\u2019\u00e9changer votre bonus.<\/p>\n<p>Pour demander votre prime de remise, voici les \u00e9tapes \u00e0 suivre\u00a0:<\/p>\n<ul>\n<li>Allez \u00e0 la page de promotion et cliquez sur le bouton de promotion pour r\u00e9clamer<\/li>\n<li>V\u00e9rifiez les termes et conditions du cashback<\/li>\n<li>Jouer \u00e0 des jeux en ligne qui sont \u00e9ligibles \u00e0 des bonus cashback<\/li>\n<li>Une fois que vous r\u00e9pondez \u00e0 l\u2019exigence, vous serez automatiquement r\u00e9compens\u00e9 par les bonus cashback.<\/li>\n<\/ul>\n<p><img decoding=\"async\" class=\"aligncenter wp-image-7289 size-full\" src=\"https:\/\/bitcoinplay.org\/wp-content\/uploads\/2022\/08\/cashback-bonuses.jpg\" alt=\"bonus de remboursement\" width=\"650\" height=\"180\" srcset=\"https:\/\/bitcoinplay.org\/wp-content\/uploads\/2022\/08\/cashback-bonuses.jpg 650w, https:\/\/bitcoinplay.org\/wp-content\/uploads\/2022\/08\/cashback-bonuses-300x83.jpg 300w\" sizes=\"(max-width: 650px) 100vw, 650px\" \/><\/p>\n<h3>Programme de fid\u00e9lit\u00e9<\/h3>\n<p>Les casinos con\u00e7oivent le programme de bonus de fid\u00e9lit\u00e9 pour r\u00e9compenser les joueurs fid\u00e8les, et il vient dans diff\u00e9rentes offres promotionnelles, qui incluent des bonus de recharge, des bonus VIP, et beaucoup plus. Le but d\u2019un bonus de fid\u00e9lit\u00e9 est d\u2019appr\u00e9cier et de r\u00e9compenser les utilisateurs fid\u00e8les aux casinos.<\/p>\n<p>Contrairement aux autres bonus qui apparaissent sur la page de promotion, les bonus de fid\u00e9lit\u00e9 n\u2019apparaissent pas, et ils viennent au bon moment pour r\u00e9compenser les joueurs pour le temps pr\u00e9cieux pass\u00e9 \u00e0 jouer dans le casino et le nombre de paris plac\u00e9s. Par cons\u00e9quent, le bonus de fid\u00e9lit\u00e9 que vous recevez est proportionnel au niveau d\u2019anciennet\u00e9 atteint dans le casino et les jeux jou\u00e9s. Ils sont donn\u00e9s en points qui peuvent \u00eatre convertis en argent r\u00e9el.<\/p>\n<p><img decoding=\"async\" class=\"aligncenter wp-image-7290 size-full\" src=\"https:\/\/bitcoinplay.org\/wp-content\/uploads\/2022\/08\/loyalty-program.jpg\" alt=\"Programme de Fid\u00e9lit\u00e9\" width=\"696\" height=\"406\" srcset=\"https:\/\/bitcoinplay.org\/wp-content\/uploads\/2022\/08\/loyalty-program.jpg 696w, https:\/\/bitcoinplay.org\/wp-content\/uploads\/2022\/08\/loyalty-program-300x175.jpg 300w\" sizes=\"(max-width: 696px) 100vw, 696px\" \/><\/p>\n<h3>Conclusion<\/h3>\n<p>Les bonus sans d\u00e9p\u00f4t sont une excellente incitation pour vous en tant que joueur de jeu de casino. Il vous encourage \u00e0 continuer \u00e0 jouer et \u00e0 gagner malgr\u00e9 les pertes subies, et il vous aide \u00e9galement \u00e0 vous impliquer dans d\u2019autres activit\u00e9s dans le casino sans faire de d\u00e9p\u00f4t.<\/p>\n<p>Cet article a expliqu\u00e9 les bonus sans d\u00e9p\u00f4t offerts par les casinos Bitcoin. Nous avons \u00e9galement discut\u00e9 des conditions pour \u00eatre \u00e9ligible \u00e0 ces bonus et comment r\u00e9clamer et racheter ces bonus. Les informations couvertes dans cet article vous aideront \u00e0 faire la meilleure approche pour les bonus sans d\u00e9p\u00f4t et recevoir des r\u00e9compenses fantastiques en tant que joueur de jeu de casino.<\/p>\n<h3>Foire aux questions<\/h3>\n<ul>\n<li><strong>Qu\u2019est-ce qu\u2019un bonus sans d\u00e9p\u00f4t Bitcoin?<\/strong><\/li>\n<\/ul>\n<p>Bitcoin casino bonus sans d\u00e9p\u00f4t est la r\u00e9compense pour les activit\u00e9s effectu\u00e9es par les joueurs sans avoir besoin de d\u00e9poser des crypto-monnaies sur la plateforme du casino.<\/p>\n<ul>\n<li><strong>Puis-je retirer des gains de bonus sans d\u00e9p\u00f4t ?<\/strong><\/li>\n<\/ul>\n<p>Oui, aucun gain de bonus de d\u00e9p\u00f4t ne peut \u00eatre retir\u00e9 une fois que vous remplissez les conditions g\u00e9n\u00e9rales.<\/p>\n","protected":false},"excerpt":{"rendered":"<p>Les joueurs accordent plus d\u2019attention aux bonus sans d\u00e9p\u00f4t offerts par les casinos crypto en ligne. Ils ont tendance \u00e0 choisir le meilleur casino Bitcoin qui offre d\u2019excellentes r\u00e9compenses telles que des Free Spins, des bonus de fid\u00e9lit\u00e9 et bien d\u2019autres. Un bonus sans d\u00e9p\u00f4t qui vous permettra de gagner du Bitcoin. Dans cet article, &#8230; <a title=\"Slotvibe No Deposit Free Spins\" class=\"read-more\" href=\"https:\/\/bitcoinplay.org\/slotvibe-no-deposit-bonus\/\" aria-label=\"En savoir plus sur Slotvibe No Deposit Free Spins\">Lire plus<\/a><\/p>\n","protected":false},"author":3,"featured_media":0,"parent":11787,"menu_order":0,"comment_status":"closed","ping_status":"closed","template":"","meta":{"footnotes":""},"class_list":["post-12181","page","type-page","status-publish","hentry"],"_links":{"self":[{"href":"https:\/\/bitcoinplay.org\/fr\/wp-json\/wp\/v2\/pages\/12181","targetHints":{"allow":["GET"]}}],"collection":[{"href":"https:\/\/bitcoinplay.org\/fr\/wp-json\/wp\/v2\/pages"}],"about":[{"href":"https:\/\/bitcoinplay.org\/fr\/wp-json\/wp\/v2\/types\/page"}],"author":[{"embeddable":true,"href":"https:\/\/bitcoinplay.org\/fr\/wp-json\/wp\/v2\/users\/3"}],"replies":[{"embeddable":true,"href":"https:\/\/bitcoinplay.org\/fr\/wp-json\/wp\/v2\/comments?post=12181"}],"version-history":[{"count":0,"href":"https:\/\/bitcoinplay.org\/fr\/wp-json\/wp\/v2\/pages\/12181\/revisions"}],"up":[{"embeddable":true,"href":"https:\/\/bitcoinplay.org\/fr\/wp-json\/wp\/v2\/pages\/11787"}],"wp:attachment":[{"href":"https:\/\/bitcoinplay.org\/fr\/wp-json\/wp\/v2\/media?parent=12181"}],"curies":[{"name":"wp","href":"https:\/\/api.w.org\/{rel}","templated":true}]}}