{"id":13385,"date":"2024-01-16T15:38:50","date_gmt":"2024-01-16T14:38:50","guid":{"rendered":"https:\/\/bitcoinplay.org\/telegram-casino\/"},"modified":"2024-02-27T16:18:28","modified_gmt":"2024-02-27T15:18:28","slug":"telegram-casino","status":"publish","type":"page","link":"https:\/\/bitcoinplay.org\/fr\/casino-telegram\/","title":{"rendered":"Casinos sur Telegram: la derni\u00e8re fa\u00e7on de jouer en ligne anonymement"},"content":{"rendered":"<p data-wp-editing=\"1\"><img decoding=\"async\" class=\"alignleft wp-image-13346 size-full\" src=\"https:\/\/bitcoinplay.org\/wp-content\/uploads\/2024\/01\/telegram-casino-banner.jpg\" alt=\"Banni\u00e8re de casino Telegram - image pr\u00e9sentant le 'T' de Telegram entour\u00e9 de Bitcoins\" width=\"400\" height=\"400\" srcset=\"https:\/\/bitcoinplay.org\/wp-content\/uploads\/2024\/01\/telegram-casino-banner.jpg 400w, https:\/\/bitcoinplay.org\/wp-content\/uploads\/2024\/01\/telegram-casino-banner-300x300.jpg 300w, https:\/\/bitcoinplay.org\/wp-content\/uploads\/2024\/01\/telegram-casino-banner-150x150.jpg 150w\" sizes=\"(max-width: 400px) 100vw, 400px\" \/><div id=\"ez-toc-container\" class=\"ez-toc-v2_0_82_2 counter-hierarchy ez-toc-counter ez-toc-grey ez-toc-container-direction\">\n<div class=\"ez-toc-title-container\">\n<p class=\"ez-toc-title\" style=\"cursor:inherit\">Guide Casino Crypto: Traqueur de Paris<\/p>\n<span class=\"ez-toc-title-toggle\"><a href=\"#\" class=\"ez-toc-pull-right ez-toc-btn ez-toc-btn-xs ez-toc-btn-default ez-toc-toggle\" aria-label=\"Toggle Table of Content\"><span class=\"ez-toc-js-icon-con\"><span class=\"\"><span class=\"eztoc-hide\" style=\"display:none;\">Toggle<\/span><span class=\"ez-toc-icon-toggle-span\"><svg style=\"fill: #999;color:#999\" xmlns=\"http:\/\/www.w3.org\/2000\/svg\" class=\"list-377408\" width=\"20px\" height=\"20px\" viewBox=\"0 0 24 24\" fill=\"none\"><path d=\"M6 6H4v2h2V6zm14 0H8v2h12V6zM4 11h2v2H4v-2zm16 0H8v2h12v-2zM4 16h2v2H4v-2zm16 0H8v2h12v-2z\" fill=\"currentColor\"><\/path><\/svg><svg style=\"fill: #999;color:#999\" class=\"arrow-unsorted-368013\" xmlns=\"http:\/\/www.w3.org\/2000\/svg\" width=\"10px\" height=\"10px\" viewBox=\"0 0 24 24\" version=\"1.2\" baseProfile=\"tiny\"><path d=\"M18.2 9.3l-6.2-6.3-6.2 6.3c-.2.2-.3.4-.3.7s.1.5.3.7c.2.2.4.3.7.3h11c.3 0 .5-.1.7-.3.2-.2.3-.5.3-.7s-.1-.5-.3-.7zM5.8 14.7l6.2 6.3 6.2-6.3c.2-.2.3-.5.3-.7s-.1-.5-.3-.7c-.2-.2-.4-.3-.7-.3h-11c-.3 0-.5.1-.7.3-.2.2-.3.5-.3.7s.1.5.3.7z\"\/><\/svg><\/span><\/span><\/span><\/a><\/span><\/div>\n<nav><ul class='ez-toc-list ez-toc-list-level-1 ' ><li class='ez-toc-page-1 ez-toc-heading-level-2'><a class=\"ez-toc-link ez-toc-heading-1\" href=\"https:\/\/bitcoinplay.org\/fr\/casino-telegram\/#Comment_les_casinos_crypto_sur_Telegram_nous_aident-ils_a_jouer_de_maniere_anonyme\">Comment les casinos crypto sur Telegram nous aident-ils \u00e0 jouer de mani\u00e8re anonyme ?<\/a><\/li><li class='ez-toc-page-1 ez-toc-heading-level-2'><a class=\"ez-toc-link ez-toc-heading-2\" href=\"https:\/\/bitcoinplay.org\/fr\/casino-telegram\/#Est-ce_securise\">Est-ce s\u00e9curis\u00e9?<\/a><\/li><li class='ez-toc-page-1 ez-toc-heading-level-2'><a class=\"ez-toc-link ez-toc-heading-3\" href=\"https:\/\/bitcoinplay.org\/fr\/casino-telegram\/#Conclusion\">Conclusion<\/a><\/li><\/ul><\/nav><\/div>\n<\/p>\n<p>Vous vous attendez \u00e0 ne trouver que le meilleur et le plus r\u00e9cent en mati\u00e8re de casinos Bitcoin chez Bitcoinplay, et aujourd&rsquo;hui ne fait pas exception. Nous allons explorer les derniers d\u00e9veloppements dans les casinos sur Telegram, un terrain fertile pour le jeu anonyme avec Bitcoin et autres cryptomonnaies. De quoi parle-je exactement ? Du jeu en cryptomonnaies via les casinos Telegram, bien s\u00fbr, une fusion parfaite entre la technologie blockchain et le jeu en ligne!<\/p>\n<p>Telegram, un g\u00e9ant parmi les services de messagerie instantan\u00e9e et une plateforme privil\u00e9gi\u00e9e pour les casinos crypto, offre une confidentialit\u00e9 sans pr\u00e9c\u00e9dent, incluant des chats secrets et un cryptage de bout en bout. Ce n&rsquo;est pas seulement une messagerie : avec ses cha\u00eenes, ses groupes, son stockage en nuage, ses messages auto-destructeurs, et ses appels vocaux, c&rsquo;est un \u00e9cosyst\u00e8me complet. Sa fonctionnalit\u00e9 de Bots est particuli\u00e8rement remarquable, et c&rsquo;est gr\u00e2ce \u00e0 elle que nous pouvons engager le jeu dans les casinos Bitcoin directement via Telegram.<\/p>\n<h2><span class=\"ez-toc-section\" id=\"Comment_les_casinos_crypto_sur_Telegram_nous_aident-ils_a_jouer_de_maniere_anonyme\"><\/span>Comment les casinos crypto sur Telegram nous aident-ils \u00e0 jouer de mani\u00e8re anonyme ?<span class=\"ez-toc-section-end\"><\/span><\/h2>\n<p>Eh bien, avec le meilleur cryptage fourni par Telegram, et les Bots disponibles, vous avez la possibilit\u00e9 de jouer de mani\u00e8re anonyme tout en utilisant des crypto-monnaies pour d\u00e9poser et retirer des fonds. La plupart des casinos propos\u00e9s sur Telegram ne n\u00e9cessitent pas d&rsquo;inscription formelle pour jouer, et tr\u00e8s peu demanderont une v\u00e9rification de l&rsquo;identit\u00e9 du client (KYC).<\/p>\n<h2><span class=\"ez-toc-section\" id=\"Est-ce_securise\"><\/span>Est-ce s\u00e9curis\u00e9?<span class=\"ez-toc-section-end\"><\/span><\/h2>\n<p>Outre le cryptage de Telegram, recevrez-vous vos retraits comme promis ? L&rsquo;un des avantages de jouer sur Telegram est que la grande majorit\u00e9 de ces crypto casinos Telegram proposent une version d\u00e9mo du jeu pour que vous puissiez l&rsquo;essayer avant d&rsquo;investir votre argent durement gagn\u00e9. Vous avez \u00e9galement la possibilit\u00e9 de jouer dans des casinos sous licence de grands noms, comme Mega Dice, qui sont reconnus dans l&rsquo;industrie depuis de nombreuses ann\u00e9es.<\/p>\n<p>Pour une compr\u00e9hension approfondie de la mani\u00e8re dont les fonctionnalit\u00e9s innovantes de Telegram am\u00e9liorent votre exp\u00e9rience de jeu, visitez le site <a href=\"https:\/\/www.telegram.org\" target=\"_new\" rel=\"noopener\">official Telegram website<\/a>.<\/p>\n<p>Ci-dessous, voici 5 des meilleures offres de paris disponibles sur Telegram pour vous en utilisant cette plateforme de jeu r\u00e9volutionnaire :<\/p>\n<ol>\n<li>\n<h4><a class=\"thirstylink\" style=\"text-decoration: none;\" href=\"https:\/\/bitcoinplay.org\/recommends\/lucky-block-telegram-casino\/\" target=\"_blank\" rel=\"nofollow noopener sponsored\"><strong>Lucky Block<\/strong><\/a><\/h4>\n<\/li>\n<\/ol>\n<p style=\"padding-left: 40px;\"><img decoding=\"async\" class=\"alignnone size-full wp-image-13296\" src=\"https:\/\/bitcoinplay.org\/wp-content\/uploads\/2024\/01\/lucky-block-logo.jpg\" alt=\"luckyblock.com logo\" width=\"200\" height=\"200\" srcset=\"https:\/\/bitcoinplay.org\/wp-content\/uploads\/2024\/01\/lucky-block-logo.jpg 200w, https:\/\/bitcoinplay.org\/wp-content\/uploads\/2024\/01\/lucky-block-logo-150x150.jpg 150w\" sizes=\"(max-width: 200px) 100vw, 200px\" \/><\/p>\n<p>LuckyBlock est un casino Telegram qui vous permet de d\u00e9poser en utilisant WalletConnect ainsi que vos formes standard de paiements en Crypto. Vous pouvez choisir parmi des machines \u00e0 sous, des jeux Crypto, des jeux de table, et m\u00eame des jeux t\u00e9l\u00e9vis\u00e9s avec ce casino. Ils disposent \u00e9galement d&rsquo;un livre de sport complet si vous \u00eates int\u00e9ress\u00e9 par ce type de jeux. Lucky Block offre un chat communautaire ainsi qu&rsquo;un support en direct disponible 24\/7 pr\u00eat \u00e0 vous aider et \u00e0 r\u00e9pondre \u00e0 vos questions, mais la meilleure partie de ce casino est qu&rsquo;il est 100% anonyme et vous pouvez contr\u00f4ler le r\u00e9cit avec vos paris en crypto,<strong> aucun KYC requis<\/strong> !<\/p>\n<p><img decoding=\"async\" class=\"aligncenter wp-image-13314 size-full\" src=\"https:\/\/bitcoinplay.org\/wp-content\/uploads\/2024\/01\/lucky-block-telegram-page-1.jpg\" alt=\"luckyblock.com page telegram\" width=\"380\" height=\"534\" srcset=\"https:\/\/bitcoinplay.org\/wp-content\/uploads\/2024\/01\/lucky-block-telegram-page-1.jpg 380w, https:\/\/bitcoinplay.org\/wp-content\/uploads\/2024\/01\/lucky-block-telegram-page-1-213x300.jpg 213w\" sizes=\"(max-width: 380px) 100vw, 380px\" \/><\/p>\n<div class=\"flex flex-grow flex-col max-w-full\">\n<div class=\"min-h-[20px] text-message flex flex-col items-start gap-3 whitespace-pre-wrap break-words [.text-message+&amp;]:mt-5 overflow-x-auto\" data-message-author-role=\"assistant\" data-message-id=\"9f425094-2686-4e89-80a7-3939eb3790cd\">\n<div class=\"markdown prose w-full break-words dark:prose-invert dark\">\n<p>LuckyBlock.com n&rsquo;est pas qu&rsquo;un casino, c&rsquo;est une aventure palpitante dans le monde du pari en crypto o\u00f9 l&rsquo;anonymat r\u00e8gne en ma\u00eetre et o\u00f9 l&rsquo;excitation est une certitude. Avec son int\u00e9gration fluide de WalletConnect aux c\u00f4t\u00e9s des m\u00e9thodes de paiement en crypto traditionnelles, LuckyBlock offre une exp\u00e9rience sans pareil. Plongez dans un large \u00e9ventail de jeux incluant des machines \u00e0 sous \u00e0 haute tension, des jeux en crypto innovants, des jeux de table classiques et des jeux t\u00e9l\u00e9vis\u00e9s immersifs. Si les paris sportifs suscitent votre int\u00e9r\u00eat, leur livre de sport complet ne vous d\u00e9cevra pas. Au-del\u00e0 des jeux, Lucky Block favorise une communaut\u00e9 dynamique avec une fonction de chat et offre une tranquillit\u00e9 d&rsquo;esprit avec un support en direct disponible 24h\/24.<\/p>\n<p>La cerise sur le g\u00e2teau ? Ce casino privil\u00e9gie votre vie priv\u00e9e, vous permettant de tourner la roue de la fortune selon vos propres termes. Entrez dans Lucky Block, o\u00f9 chaque pari est un pas dans un monde d&rsquo;excitation et de confidentialit\u00e9, aliment\u00e9 par la crypto !<\/p>\n<\/div>\n<\/div>\n<\/div>\n<p style=\"padding-left: 40px; text-align: center;\"><a class=\"maxbutton-5 maxbutton maxbutton-visit-casino\" target=\"_blank\" rel=\"nofollow noopener sponsored\" href=\"https:\/\/bitcoinplay.org\/recommends\/lucky-block-telegram-casino\/\"><span class='mb-text'>Visiter Lucky Block<\/span><\/a><\/p>\n<ol start=\"2\">\n<li>\n<h4><a class=\"thirstylink\" style=\"text-decoration: none;\" href=\"https:\/\/bitcoinplay.org\/recommends\/mega-dice\/\" target=\"_blank\" rel=\"nofollow noopener sponsored\"><strong>Mega Dice<\/strong><\/a><\/h4>\n<\/li>\n<\/ol>\n<p style=\"padding-left: 40px;\"><img decoding=\"async\" class=\"alignnone size-full wp-image-13316\" src=\"https:\/\/bitcoinplay.org\/wp-content\/uploads\/2024\/01\/megadice-logo.jpg\" alt=\"megadice.com logo\" width=\"200\" height=\"200\" srcset=\"https:\/\/bitcoinplay.org\/wp-content\/uploads\/2024\/01\/megadice-logo.jpg 200w, https:\/\/bitcoinplay.org\/wp-content\/uploads\/2024\/01\/megadice-logo-150x150.jpg 150w\" sizes=\"(max-width: 200px) 100vw, 200px\" \/><\/p>\n<div class=\"flex flex-grow flex-col max-w-full\">\n<div class=\"min-h-[20px] text-message flex flex-col items-start gap-3 whitespace-pre-wrap break-words [.text-message+&amp;]:mt-5 overflow-x-auto\" data-message-author-role=\"assistant\" data-message-id=\"5928ada0-98a9-44eb-b720-7698000406dc\">\n<div class=\"markdown prose w-full break-words dark:prose-invert dark\">\n<p>Mega Dice se revendique comme \u00e9tant le premier casino Telegram licenci\u00e9. Il propose un bonus de d\u00e9p\u00f4t de 200% pour toute crypto-monnaie utilis\u00e9e pour le d\u00e9p\u00f4t. Vous pouvez choisir parmi BTC, ETH, LTC, DOGE, TRX et Sol pour effectuer vos achats, et ces monnaies plus BNB, XRP, ADA et USDC pour les d\u00e9p\u00f4ts.<\/p>\n<p>Ils proposent des jeux de diff\u00e9rents fournisseurs, un livre de sport, et une grande vari\u00e9t\u00e9 de jeux en crypto tels que HiLo, Aviator, Plinko et Dice.<\/p>\n<\/div>\n<\/div>\n<\/div>\n<p><img decoding=\"async\" class=\"aligncenter wp-image-13320 size-full\" src=\"https:\/\/bitcoinplay.org\/wp-content\/uploads\/2024\/01\/megadice-telegram-page.jpg\" alt=\"megadice page telegram\" width=\"380\" height=\"532\" srcset=\"https:\/\/bitcoinplay.org\/wp-content\/uploads\/2024\/01\/megadice-telegram-page.jpg 380w, https:\/\/bitcoinplay.org\/wp-content\/uploads\/2024\/01\/megadice-telegram-page-214x300.jpg 214w\" sizes=\"(max-width: 380px) 100vw, 380px\" \/><\/p>\n<div class=\"flex flex-grow flex-col max-w-full\">\n<div class=\"min-h-[20px] text-message flex flex-col items-start gap-3 whitespace-pre-wrap break-words [.text-message+&amp;]:mt-5 overflow-x-auto\" data-message-author-role=\"assistant\" data-message-id=\"6f168cc8-b2b2-4a6a-9606-23082a67f590\">\n<div class=\"markdown prose w-full break-words dark:prose-invert dark\">\n<p>Mega Dice dispose d&rsquo;un syst\u00e8me de parrainage gr\u00e2ce auquel vous pouvez gagner une commission de 10% sur l&rsquo;avantage de la maison de tous les paris plac\u00e9s par les personnes que vous avez parrain\u00e9es, rendant ainsi int\u00e9ressant d&rsquo;impliquer vos amis anonymes.<\/p>\n<\/div>\n<\/div>\n<\/div>\n<p style=\"text-align: center;\"><a class=\"maxbutton-5 maxbutton maxbutton-visit-casino\" target=\"_blank\" rel=\"nofollow noopener sponsored\" href=\"https:\/\/bitcoinplay.org\/recommends\/mega-dice\/\"><span class='mb-text'>Visiter Mega Dice<\/span><\/a><\/p>\n<ol start=\"3\">\n<li>\n<h4><a class=\"thirstylink\" style=\"text-decoration: none;\" href=\"https:\/\/bitcoinplay.org\/recommends\/tgcasino\/\" target=\"_blank\" rel=\"nofollow noopener sponsored\"><strong>TG.Casino<\/strong><\/a><\/h4>\n<\/li>\n<\/ol>\n<p style=\"padding-left: 40px;\"><img decoding=\"async\" class=\"alignnone size-full wp-image-13325\" src=\"https:\/\/bitcoinplay.org\/wp-content\/uploads\/2024\/01\/tgcasino-logo-1.jpg\" alt=\"tg.casino logo\" width=\"200\" height=\"200\" srcset=\"https:\/\/bitcoinplay.org\/wp-content\/uploads\/2024\/01\/tgcasino-logo-1.jpg 200w, https:\/\/bitcoinplay.org\/wp-content\/uploads\/2024\/01\/tgcasino-logo-1-150x150.jpg 150w\" sizes=\"(max-width: 200px) 100vw, 200px\" \/><\/p>\n<div class=\"flex flex-grow flex-col max-w-full\">\n<div class=\"min-h-[20px] text-message flex flex-col items-start gap-3 whitespace-pre-wrap break-words [.text-message+&amp;]:mt-5 overflow-x-auto\" data-message-author-role=\"assistant\" data-message-id=\"c67df284-b607-463f-bf66-ff3aeb4e82f4\">\n<div class=\"markdown prose w-full break-words dark:prose-invert dark\">\n<p>Ceci est un autre des rares casinos Telegram licenci\u00e9s disponibles en ligne. Il propose un Casino et un livre de sport de plus de 50 fournisseurs diff\u00e9rents. Lorsque vous l&rsquo;ouvrez, vous recevrez un message pop-up o\u00f9 vous jouerez dans un casino int\u00e9gr\u00e9 \u00e0 Telegram. TG.Casino accepte BTC, ETH, LTC, DOGE, TRX et SOL. Ils offrent <strong>un bonus de bienvenue de 200%<\/strong> sur votre premier d\u00e9p\u00f4t en ETH. Il y a aussi une option de support o\u00f9 vous recevrez de l&rsquo;aide pour toutes questions ou pr\u00e9occupations que vous pourriez avoir. Vous pouvez \u00e9galement rejoindre leur cha\u00eene communautaire qui vous fournira des astuces et conseils pour am\u00e9liorer votre exp\u00e9rience de jeu.<\/p>\n<\/div>\n<\/div>\n<\/div>\n<div class=\"mt-1 flex justify-start gap-3 empty:hidden\">\n<div class=\"text-gray-400 flex self-end lg:self-center justify-center lg:justify-start mt-0 -ml-1 visible\"><\/div>\n<\/div>\n<p><img decoding=\"async\" class=\"aligncenter wp-image-13327 size-full\" src=\"https:\/\/bitcoinplay.org\/wp-content\/uploads\/2024\/01\/tgcasino-telegram-page.jpg\" alt=\"tg.casino page telegram\" width=\"380\" height=\"533\" srcset=\"https:\/\/bitcoinplay.org\/wp-content\/uploads\/2024\/01\/tgcasino-telegram-page.jpg 380w, https:\/\/bitcoinplay.org\/wp-content\/uploads\/2024\/01\/tgcasino-telegram-page-214x300.jpg 214w\" sizes=\"(max-width: 380px) 100vw, 380px\" \/><\/p>\n<p>De plus, rejoindre leur cha\u00eene communautaire vous ouvre les portes d&rsquo;un v\u00e9ritable tr\u00e9sor d&rsquo;astuces et de conseils, am\u00e9liorant votre jeu et vous plongeant encore plus profond\u00e9ment dans le monde palpitant de TG.Casino. Entrez dans ce refuge num\u00e9rique du jeu o\u00f9 chaque tour, chaque pari et chaque jeu vous rapproche d&rsquo;une excitation sans pareil et de gains potentiels, le tout dans le cadre familier de votre application Telegram.<\/p>\n<p style=\"text-align: center;\"><a class=\"maxbutton-5 maxbutton maxbutton-visit-casino\" target=\"_blank\" rel=\"nofollow noopener sponsored\" href=\"https:\/\/bitcoinplay.org\/recommends\/tgcasino\/\"><span class='mb-text'>Visiter TG.Casino<\/span><\/a><\/p>\n<ol start=\"4\">\n<li>\n<h4><a class=\"thirstylink\" style=\"text-decoration: none;\" href=\"https:\/\/bitcoinplay.org\/recommends\/wall-street-memes\/\" target=\"_blank\" rel=\"nofollow noopener sponsored\"><strong>Wall Street Memes<\/strong><\/a><\/h4>\n<\/li>\n<\/ol>\n<p style=\"padding-left: 40px;\"><img decoding=\"async\" class=\"alignnone size-full wp-image-13330\" src=\"https:\/\/bitcoinplay.org\/wp-content\/uploads\/2024\/01\/wall-street-memes-logo.jpg\" alt=\"wsmcasino.com logo\" width=\"200\" height=\"197\" \/><\/p>\n<div class=\"flex flex-grow flex-col max-w-full\">\n<div class=\"min-h-[20px] text-message flex flex-col items-start gap-3 whitespace-pre-wrap break-words [.text-message+&amp;]:mt-5 overflow-x-auto\" data-message-author-role=\"assistant\" data-message-id=\"a4079525-b584-43be-b34a-91c3e6ed9c05\">\n<div class=\"markdown prose w-full break-words dark:prose-invert dark\">\n<p>Ce casino non conventionnel propose un lot de divertissements lorsque vous d\u00e9posez et jouez chez eux. <strong>Pour 30 $, vous obtenez un bonus de 200 %<\/strong> qui doit \u00eatre jou\u00e9 35 fois le montant du bonus re\u00e7u. Cela sera relativement facile \u00e0 atteindre avec la vari\u00e9t\u00e9 de jeux qu&rsquo;ils proposent.<\/p>\n<p>Rappelez-vous que les machines \u00e0 sous comptent pour 100 % dans ce playthrough, alors assurez-vous de choisir parmi les milliers qu&rsquo;ils proposent, venant de certains des meilleurs fournisseurs en ligne. Ce casino propose \u00e9galement un Croupier en direct, ce qui est une addition amusante.<\/p>\n<p>Vous pouvez choisir parmi les principales crypto-monnaies disponibles pour le d\u00e9p\u00f4t, et vous pouvez \u00e9galement acheter de la crypto si votre portefeuille est un peu faible.<\/p>\n<p>Autres avantages de jouer dans les casinos Telegram :<\/p>\n<ul>\n<li>Pendant que vous jouez en ligne, la consommation de donn\u00e9es pour les casinos Telegram est plut\u00f4t minime car elle est principalement bas\u00e9e sur du texte au lieu du streaming de donn\u00e9es lourd propos\u00e9 par d&rsquo;autres applications de casino en ligne. Si vous optez pour des jeux comme le Croupier en direct, la consommation de donn\u00e9es augmentera naturellement, cependant, elle est beaucoup plus faible que si vous jouiez via des applications.<\/li>\n<li>Des offres exclusives Telegram sont rendues disponibles par certains casinos, qui ne sont pas disponibles sur leurs autres plateformes.<\/li>\n<li>Il y a tr\u00e8s peu de restrictions de pays lorsqu&rsquo;on joue sur Telegram, en raison de l&rsquo;anonymat votre IP peut \u00eatre acc\u00e9d\u00e9e, mais cela ne vous emp\u00eachera pas de jouer dans certains casinos.<\/li>\n<\/ul>\n<\/div>\n<\/div>\n<\/div>\n<p><img decoding=\"async\" class=\"aligncenter wp-image-13332 size-full\" src=\"https:\/\/bitcoinplay.org\/wp-content\/uploads\/2024\/01\/wall-street-memes-logo-original.png\" alt=\"wall street memes casino: vue page telegram\" width=\"341\" height=\"281\" srcset=\"https:\/\/bitcoinplay.org\/wp-content\/uploads\/2024\/01\/wall-street-memes-logo-original.png 341w, https:\/\/bitcoinplay.org\/wp-content\/uploads\/2024\/01\/wall-street-memes-logo-original-300x247.png 300w\" sizes=\"(max-width: 341px) 100vw, 341px\" \/><\/p>\n<p>Swipez dans l&rsquo;univers dynamique des casinos sur Telegram et ressentez l&rsquo;excitation de gagner avec Bitcoin et les cryptomonnaies comme jamais auparavant ! Notre gamme dynamique de jeux, con\u00e7ue pour le joueur averti en crypto, promet non seulement du divertissement, mais une v\u00e9ritable chance de faire fortune dans le monde de la monnaie num\u00e9rique. Que vous soyez un passionn\u00e9 de Bitcoin ou un fan de cryptomonnaie en g\u00e9n\u00e9ral, chaque jeu offre l&rsquo;opportunit\u00e9 de vous immerger dans une aventure palpitante, exploitant la puissance des cryptomonnaies.<\/p>\n<p>Avec des bonus r\u00e9guliers et des promotions sp\u00e9ciales adapt\u00e9es aux utilisateurs de Bitcoin et de cryptomonnaies, votre parcours dans l&rsquo;univers excitant des casinos sur Telegram est bien plus qu&rsquo;un pari \u2013 c&rsquo;est une porte ouverte vers un divertissement sans fin et des r\u00e9compenses potentielles dans le domaine de la crypto. Ne manquez pas cette combinaison unique de jeu et d&rsquo;excitation cryptographique \u2013 rejoignez-nous et que les exp\u00e9riences palpitantes commencent !<\/p>\n<p style=\"text-align: center;\"><a class=\"maxbutton-5 maxbutton maxbutton-visit-casino\" target=\"_blank\" rel=\"nofollow noopener sponsored\" href=\"https:\/\/bitcoinplay.org\/recommends\/wall-street-memes\/\"><span class='mb-text'>Visiter Wall Street Memes<\/span><\/a><\/p>\n<h2><span class=\"ez-toc-section\" id=\"Conclusion\"><\/span>Conclusion<span class=\"ez-toc-section-end\"><\/span><\/h2>\n<p>Avec la nature en constante \u00e9volution des casinos en ligne et des paris en crypto, il est logique que la mouvance se dirige vers des applications mobiles telles que Telegram. L&rsquo;anonymat de ce type de jeu correspond tout \u00e0 fait \u00e0 notre vision du plaisir et de l&rsquo;esprit communautaire. Nous vous recommandons vivement d&rsquo;essayer l&rsquo;un des casinos, et m\u00eame de vous familiariser avec les options de d\u00e9p\u00f4t, mais gardez \u00e0 l&rsquo;esprit votre budget allou\u00e9 car les jeux peuvent devenir tr\u00e8s excitants.<\/p>\n","protected":false},"excerpt":{"rendered":"<p>Vous vous attendez \u00e0 ne trouver que le meilleur et le plus r\u00e9cent en mati\u00e8re de casinos Bitcoin chez Bitcoinplay, et aujourd&rsquo;hui ne fait pas exception. Nous allons explorer les derniers d\u00e9veloppements dans les casinos sur Telegram, un terrain fertile pour le jeu anonyme avec Bitcoin et autres cryptomonnaies. De quoi parle-je exactement ? Du &#8230; <a title=\"Casinos sur Telegram: la derni\u00e8re fa\u00e7on de jouer en ligne anonymement\" class=\"read-more\" href=\"https:\/\/bitcoinplay.org\/fr\/casino-telegram\/\" aria-label=\"En savoir plus sur Casinos sur Telegram: la derni\u00e8re fa\u00e7on de jouer en ligne anonymement\">Lire plus<\/a><\/p>\n","protected":false},"author":3,"featured_media":0,"parent":0,"menu_order":0,"comment_status":"closed","ping_status":"closed","template":"","meta":{"footnotes":""},"class_list":["post-13385","page","type-page","status-publish"],"_links":{"self":[{"href":"https:\/\/bitcoinplay.org\/fr\/wp-json\/wp\/v2\/pages\/13385","targetHints":{"allow":["GET"]}}],"collection":[{"href":"https:\/\/bitcoinplay.org\/fr\/wp-json\/wp\/v2\/pages"}],"about":[{"href":"https:\/\/bitcoinplay.org\/fr\/wp-json\/wp\/v2\/types\/page"}],"author":[{"embeddable":true,"href":"https:\/\/bitcoinplay.org\/fr\/wp-json\/wp\/v2\/users\/3"}],"replies":[{"embeddable":true,"href":"https:\/\/bitcoinplay.org\/fr\/wp-json\/wp\/v2\/comments?post=13385"}],"version-history":[{"count":0,"href":"https:\/\/bitcoinplay.org\/fr\/wp-json\/wp\/v2\/pages\/13385\/revisions"}],"wp:attachment":[{"href":"https:\/\/bitcoinplay.org\/fr\/wp-json\/wp\/v2\/media?parent=13385"}],"curies":[{"name":"wp","href":"https:\/\/api.w.org\/{rel}","templated":true}]}}