{"id":13830,"date":"2024-02-24T23:20:47","date_gmt":"2024-02-24T22:20:47","guid":{"rendered":"https:\/\/bitcoinplay.org\/michael-branson-bitcoin-gambling-expert\/"},"modified":"2024-04-12T20:34:26","modified_gmt":"2024-04-12T18:34:26","slug":"michael-branson","status":"publish","type":"page","link":"https:\/\/bitcoinplay.org\/fr\/auteur\/michael-branson\/","title":{"rendered":"Michael Branson"},"content":{"rendered":"<div class=\"flex flex-grow flex-col max-w-full\">\n<p><img decoding=\"async\" class=\"alignnone size-full wp-image-13601\" src=\"https:\/\/bitcoinplay.org\/wp-content\/uploads\/2024\/02\/michael-branson-avatar.jpg\" alt=\"michael branson avatar\" width=\"200\" height=\"200\" srcset=\"https:\/\/bitcoinplay.org\/wp-content\/uploads\/2024\/02\/michael-branson-avatar.jpg 200w, https:\/\/bitcoinplay.org\/wp-content\/uploads\/2024\/02\/michael-branson-avatar-150x150.jpg 150w\" sizes=\"(max-width: 200px) 100vw, 200px\" \/><\/p>\n<p><strong>Rencontre avec Michael Branson:<br \/>\n<\/strong><\/p>\n<div id=\"ez-toc-container\" class=\"ez-toc-v2_0_82_2 counter-hierarchy ez-toc-counter ez-toc-grey ez-toc-container-direction\">\n<div class=\"ez-toc-title-container\">\n<p class=\"ez-toc-title\" style=\"cursor:inherit\">Guide Casino Crypto: Traqueur de Paris<\/p>\n<span class=\"ez-toc-title-toggle\"><a href=\"#\" class=\"ez-toc-pull-right ez-toc-btn ez-toc-btn-xs ez-toc-btn-default ez-toc-toggle\" aria-label=\"Toggle Table of Content\"><span class=\"ez-toc-js-icon-con\"><span class=\"\"><span class=\"eztoc-hide\" style=\"display:none;\">Toggle<\/span><span class=\"ez-toc-icon-toggle-span\"><svg style=\"fill: #999;color:#999\" xmlns=\"http:\/\/www.w3.org\/2000\/svg\" class=\"list-377408\" width=\"20px\" height=\"20px\" viewBox=\"0 0 24 24\" fill=\"none\"><path d=\"M6 6H4v2h2V6zm14 0H8v2h12V6zM4 11h2v2H4v-2zm16 0H8v2h12v-2zM4 16h2v2H4v-2zm16 0H8v2h12v-2z\" fill=\"currentColor\"><\/path><\/svg><svg style=\"fill: #999;color:#999\" class=\"arrow-unsorted-368013\" xmlns=\"http:\/\/www.w3.org\/2000\/svg\" width=\"10px\" height=\"10px\" viewBox=\"0 0 24 24\" version=\"1.2\" baseProfile=\"tiny\"><path d=\"M18.2 9.3l-6.2-6.3-6.2 6.3c-.2.2-.3.4-.3.7s.1.5.3.7c.2.2.4.3.7.3h11c.3 0 .5-.1.7-.3.2-.2.3-.5.3-.7s-.1-.5-.3-.7zM5.8 14.7l6.2 6.3 6.2-6.3c.2-.2.3-.5.3-.7s-.1-.5-.3-.7c-.2-.2-.4-.3-.7-.3h-11c-.3 0-.5.1-.7.3-.2.2-.3.5-.3.7s.1.5.3.7z\"\/><\/svg><\/span><\/span><\/span><\/a><\/span><\/div>\n<nav><ul class='ez-toc-list ez-toc-list-level-1 ' ><li class='ez-toc-page-1 ez-toc-heading-level-3'><a class=\"ez-toc-link ez-toc-heading-1\" href=\"https:\/\/bitcoinplay.org\/fr\/auteur\/michael-branson\/#Introduction\" >Introduction<\/a><\/li><li class='ez-toc-page-1 ez-toc-heading-level-3'><a class=\"ez-toc-link ez-toc-heading-2\" href=\"https:\/\/bitcoinplay.org\/fr\/auteur\/michael-branson\/#Parcours_Professionnel\" >Parcours Professionnel<\/a><\/li><li class='ez-toc-page-1 ez-toc-heading-level-3'><a class=\"ez-toc-link ez-toc-heading-3\" href=\"https:\/\/bitcoinplay.org\/fr\/auteur\/michael-branson\/#Expertise_et_Contributions\" >Expertise et Contributions<\/a><\/li><li class='ez-toc-page-1 ez-toc-heading-level-3'><a class=\"ez-toc-link ez-toc-heading-4\" href=\"https:\/\/bitcoinplay.org\/fr\/auteur\/michael-branson\/#Critiques_et_Articles_en_Vedette\" >Critiques et Articles en Vedette<\/a><\/li><\/ul><\/nav><\/div>\n<h3 class=\"min-h-[20px] text-message flex flex-col items-start gap-3 whitespace-pre-wrap break-words [.text-message+&amp;]:mt-5 overflow-x-auto\" data-message-author-role=\"assistant\" data-message-id=\"6d0b6307-6d93-4c0e-8d62-3d1e2d6c9bc4\"><span class=\"ez-toc-section\" id=\"Introduction\"><\/span>Introduction<span class=\"ez-toc-section-end\"><\/span><\/h3>\n<div class=\"flex flex-grow flex-col max-w-full\">\n<div class=\"min-h-[20px] text-message flex flex-col items-start gap-3 whitespace-pre-wrap break-words [.text-message+&amp;]:mt-5 overflow-x-auto\" data-message-author-role=\"assistant\" data-message-id=\"b564dc46-48e0-4138-a8f4-08c2aa1c56a6\">\n<div class=\"markdown prose w-full break-words dark:prose-invert dark\">\n<p>Bienvenue dans le monde du jeu en Bitcoin, o\u00f9 l&rsquo;innovation rencontre l&rsquo;excitation et les devises num\u00e9riques red\u00e9finissent les paris en ligne. \u00c0 l&rsquo;avant-garde de ce paysage dynamique se trouve Michael Branson, un sp\u00e9cialiste du marketing d&rsquo;affiliation passionn\u00e9 par la cryptomonnaie et dot\u00e9 d&rsquo;une profonde compr\u00e9hension de l&rsquo;industrie du jeu en ligne. En tant que membre cl\u00e9 de l&rsquo;\u00e9quipe chez BitcoinPlay.org, la mission de Michael est claire : vous fournir des critiques perspicaces et fiables, vous aidant \u00e0 naviguer avec aisance et confiance dans les complexit\u00e9s des casinos Bitcoin.<\/p>\n<h3><span class=\"ez-toc-section\" id=\"Parcours_Professionnel\"><\/span>Parcours Professionnel<span class=\"ez-toc-section-end\"><\/span><\/h3>\n<p>Michael Branson, un sp\u00e9cialiste aguerri de l&rsquo;affiliation marketing, apporte plus d&rsquo;une d\u00e9cennie d&rsquo;exp\u00e9rience \u00e0 la table. Originaire de la ville de Las Vegas, Nevada, le parcours de Michael dans le monde du marketing d&rsquo;affiliation a commenc\u00e9 avec un vif int\u00e9r\u00eat pour la cryptomonnaie et son potentiel transformateur dans les jeux en ligne. Avec un dipl\u00f4me de Bachelor en Marketing de l&rsquo;Universit\u00e9 du Nevada, Las Vegas, et des certifications en strat\u00e9gies de marketing digital, Michael a affin\u00e9 son expertise pour devenir une voix respect\u00e9e dans la communaut\u00e9 des jeux d&rsquo;argent en cryptomonnaie.<\/p>\n<p>Connectez-vous avec <a href=\"https:\/\/bitcoinplay.org\/fr\/contactez-nous\/\">Michael Branson<\/a> sur LinkedIn pour en savoir plus sur son parcours professionnel.<\/p>\n<h3><span class=\"ez-toc-section\" id=\"Expertise_et_Contributions\"><\/span>Expertise et Contributions<span class=\"ez-toc-section-end\"><\/span><\/h3>\n<p>L&rsquo;expertise de Michael s&rsquo;\u00e9tend \u00e0 divers domaines, y compris la cryptomonnaie, la technologie blockchain, les strat\u00e9gies de marketing d&rsquo;affiliation et l&rsquo;analyse approfondie des jeux de casino. \u00c0 travers ses contributions \u00e0 BitcoinPlay.org, Michael livre des critiques compl\u00e8tes, des guides strat\u00e9giques et les derni\u00e8res perspectives sur les tendances du jeu en Bitcoin et les pronostics. Son engagement envers la transparence et la qualit\u00e9 de l&rsquo;information assure que les lecteurs re\u00e7oivent des insights pr\u00e9cieux pour prendre des d\u00e9cisions \u00e9clair\u00e9es dans le monde rapide des casinos en ligne.<\/p>\n<h3><span class=\"ez-toc-section\" id=\"Critiques_et_Articles_en_Vedette\"><\/span>Critiques et Articles en Vedette<span class=\"ez-toc-section-end\"><\/span><\/h3>\n<p>Explorez certaines des principales critiques et articles de Michael :<\/p>\n<ul>\n<li><a href=\"https:\/\/bitcoinplay.org\/fr\/jeu\/bc-game-avis\/\">BC.Game Critique 2024<\/a><\/li>\n<li><a href=\"https:\/\/bitcoinplay.org\/fr\/jeu\/bspin-io-avis\/\">Bspin Casino Critique 2024<\/a><\/li>\n<li><a href=\"https:\/\/bitcoinplay.org\/fr\/jeu\/oshi-io-avis\/\">Oshi.IO Casino Critique 2023<\/a><\/li>\n<li><a href=\"https:\/\/bitcoinplay.org\/game\/wild-casino-review\/\">Wild Casino Critique 2023<\/a><\/li>\n<li><a href=\"https:\/\/bitcoinplay.org\/fr\/jeu\/roobet-avis\/\">Roobet Sportsbook et Casino Critique 2023<\/a><\/li>\n<li><a href=\"https:\/\/bitcoinplay.org\/game\/crypto-thrills-casino-review\/\">Cryptothrills Casino Critique 2024<\/a><\/li>\n<li><a href=\"https:\/\/bitcoinplay.org\/game\/jacks-club-casino-review\/\">Jacks Club Casino Critique 2024<\/a><\/li>\n<li><a href=\"https:\/\/bitcoinplay.org\/fr\/casinos-ethereum-jeux-en-ligne\/\">Top 7 des Critiques de Casino Ethereum (ETH) en 2024<\/a><\/li>\n<\/ul>\n<p><strong>Aper\u00e7us Personnels et Pr\u00e9dictions<\/strong><\/p>\n<p>Que r\u00e9serve l&rsquo;avenir pour le jeu en Bitcoin ? Rejoignez Michael alors qu&rsquo;il partage ses aper\u00e7us personnels et ses pr\u00e9dictions pour les tendances \u00e0 venir dans le monde du casino Bitcoin. Restez \u00e0 la pointe de la tendance avec des connaissances internes et des conseils d&rsquo;expert. Plongez-vous dans le monde du jeu en Bitcoin avec des visuels captivants et des images de haute qualit\u00e9. Laissez son expertise briller \u00e0 travers des graphiques visuellement attrayants et des infographies. Avec Michael Branson comme guide, embarquez pour un voyage \u00e0 travers le royaume excitant des casinos Bitcoin. Gagnez des insights pr\u00e9cieux, prenez des d\u00e9cisions inform\u00e9es et vivez le frisson du jeu en devise num\u00e9rique comme jamais auparavant.<\/p>\n<\/div>\n<\/div>\n<\/div>\n<\/div>\n","protected":false},"excerpt":{"rendered":"<p>Rencontre avec Michael Branson: Introduction Bienvenue dans le monde du jeu en Bitcoin, o\u00f9 l&rsquo;innovation rencontre l&rsquo;excitation et les devises num\u00e9riques red\u00e9finissent les paris en ligne. \u00c0 l&rsquo;avant-garde de ce paysage dynamique se trouve Michael Branson, un sp\u00e9cialiste du marketing d&rsquo;affiliation passionn\u00e9 par la cryptomonnaie et dot\u00e9 d&rsquo;une profonde compr\u00e9hension de l&rsquo;industrie du jeu en &#8230; <a title=\"Michael Branson\" class=\"read-more\" href=\"https:\/\/bitcoinplay.org\/fr\/auteur\/michael-branson\/\" aria-label=\"En savoir plus sur Michael Branson\">Lire plus<\/a><\/p>\n","protected":false},"author":3,"featured_media":0,"parent":0,"menu_order":0,"comment_status":"closed","ping_status":"closed","template":"","meta":{"footnotes":""},"class_list":["post-13830","page","type-page","status-publish"],"_links":{"self":[{"href":"https:\/\/bitcoinplay.org\/fr\/wp-json\/wp\/v2\/pages\/13830","targetHints":{"allow":["GET"]}}],"collection":[{"href":"https:\/\/bitcoinplay.org\/fr\/wp-json\/wp\/v2\/pages"}],"about":[{"href":"https:\/\/bitcoinplay.org\/fr\/wp-json\/wp\/v2\/types\/page"}],"author":[{"embeddable":true,"href":"https:\/\/bitcoinplay.org\/fr\/wp-json\/wp\/v2\/users\/3"}],"replies":[{"embeddable":true,"href":"https:\/\/bitcoinplay.org\/fr\/wp-json\/wp\/v2\/comments?post=13830"}],"version-history":[{"count":0,"href":"https:\/\/bitcoinplay.org\/fr\/wp-json\/wp\/v2\/pages\/13830\/revisions"}],"wp:attachment":[{"href":"https:\/\/bitcoinplay.org\/fr\/wp-json\/wp\/v2\/media?parent=13830"}],"curies":[{"name":"wp","href":"https:\/\/api.w.org\/{rel}","templated":true}]}}